{"id":123294,"date":"2025-12-03T15:26:24","date_gmt":"2025-12-03T14:26:24","guid":{"rendered":"https:\/\/egrosuisse.ch\/produkt\/clip-fraicheur-pour-sachets-de-cafe-egro-suisse\/"},"modified":"2025-12-04T08:06:31","modified_gmt":"2025-12-04T07:06:31","slug":"clip-fraicheur-pour-sachets-de-cafe","status":"publish","type":"product","link":"https:\/\/egrosuisse.ch\/fr\/produkt\/clip-fraicheur-pour-sachets-de-cafe\/","title":{"rendered":"Clip fra\u00eecheur pour sachets de caf\u00e9 \u2013 Egro Clip"},"content":{"rendered":"<p>Nos clips fra\u00eecheur de haute qualit\u00e9 pour sachets de caf\u00e9 sont id\u00e9ales pour conserver plus longtemps tout l\u2019ar\u00f4me de vos caf\u00e9s pr\u00e9f\u00e9r\u00e9s. Refermez herm\u00e9tiquement vos sachets de 1 kg apr\u00e8s ouverture gr\u00e2ce \u00e0 une pince fra\u00eecheur. Le set de 3 est parfait pour : 1x caf\u00e9 en grains espresso, 1x caf\u00e9 en grains, 1x caf\u00e9 d\u00e9caf\u00e9in\u00e9.<\/p>\n<p><strong>Contenu : set de 3<\/strong><\/p>\n<p>Largeur int\u00e9rieure de serrage : 15 cm, dimension ext\u00e9rieure : 18 cm<br \/>\nCouleur : noir, imprim\u00e9 avec le logo Egro\/Rancilio<br \/>\nRobuste, de haute qualit\u00e9 et \u00e0 forte puissance de serrage<\/p>\n","protected":false},"excerpt":{"rendered":"<p>Nos clips fra\u00eecheur de qualit\u00e9 sup\u00e9rieure pour sachets de caf\u00e9 sont id\u00e9ales pour conserver plus longtemps l&rsquo;ar\u00f4me de vos caf\u00e9s pr\u00e9f\u00e9r\u00e9s. Set de 3 pi\u00e8ces<\/p>\n","protected":false},"featured_media":123293,"template":"","meta":{"_et_pb_use_builder":"","_et_pb_old_content":"","_et_gb_content_width":""},"product_brand":[81],"product_cat":[41,42],"product_tag":[83],"class_list":{"0":"post-123294","1":"product","2":"type-product","3":"status-publish","4":"has-post-thumbnail","6":"product_brand-egro-suisse-ag","7":"product_cat-accessoires-barista","8":"product_cat-nettoyants-et-accessoires","9":"product_tag-clip-fraicheur","11":"first","12":"instock","13":"taxable","14":"shipping-taxable","15":"purchasable","16":"product-type-simple"},"_links":{"self":[{"href":"https:\/\/egrosuisse.ch\/fr\/wp-json\/wp\/v2\/product\/123294","targetHints":{"allow":["GET"]}}],"collection":[{"href":"https:\/\/egrosuisse.ch\/fr\/wp-json\/wp\/v2\/product"}],"about":[{"href":"https:\/\/egrosuisse.ch\/fr\/wp-json\/wp\/v2\/types\/product"}],"wp:featuredmedia":[{"embeddable":true,"href":"https:\/\/egrosuisse.ch\/fr\/wp-json\/wp\/v2\/media\/123293"}],"wp:attachment":[{"href":"https:\/\/egrosuisse.ch\/fr\/wp-json\/wp\/v2\/media?parent=123294"}],"wp:term":[{"taxonomy":"product_brand","embeddable":true,"href":"https:\/\/egrosuisse.ch\/fr\/wp-json\/wp\/v2\/product_brand?post=123294"},{"taxonomy":"product_cat","embeddable":true,"href":"https:\/\/egrosuisse.ch\/fr\/wp-json\/wp\/v2\/product_cat?post=123294"},{"taxonomy":"product_tag","embeddable":true,"href":"https:\/\/egrosuisse.ch\/fr\/wp-json\/wp\/v2\/product_tag?post=123294"}],"curies":[{"name":"wp","href":"https:\/\/api.w.org\/{rel}","templated":true}]}}