{"id":118374,"date":"2024-08-31T14:26:16","date_gmt":"2024-08-31T12:26:16","guid":{"rendered":"https:\/\/egrosuisse.ch\/?post_type=product&#038;p=118374"},"modified":"2024-09-12T09:17:37","modified_gmt":"2024-09-12T07:17:37","slug":"egro-tremie-a-grains-egro-one-droit-avec-serrure","status":"publish","type":"product","link":"https:\/\/egrosuisse.ch\/fr\/produkt\/egro-tremie-a-grains-egro-one-droit-avec-serrure\/","title":{"rendered":"Egro | Tr\u00e9mie \u00e0 grains Egro ONE droit avec serrure"},"content":{"rendered":"<p>complet avec couvercle, pi\u00e8ces d\u00e9tach\u00e9es sur demande<\/p>\n","protected":false},"excerpt":{"rendered":"<p>complet avec couvercle, pi\u00e8ces d\u00e9tach\u00e9es sur demande<\/p>\n","protected":false},"featured_media":118192,"template":"","meta":{"_et_pb_use_builder":"","_et_pb_old_content":"","_et_gb_content_width":""},"product_brand":[],"product_cat":[42],"product_tag":[],"class_list":{"0":"post-118374","1":"product","2":"type-product","3":"status-publish","4":"has-post-thumbnail","6":"product_cat-nettoyants-et-accessoires","8":"first","9":"instock","10":"taxable","11":"shipping-taxable","12":"purchasable","13":"product-type-simple"},"_links":{"self":[{"href":"https:\/\/egrosuisse.ch\/fr\/wp-json\/wp\/v2\/product\/118374","targetHints":{"allow":["GET"]}}],"collection":[{"href":"https:\/\/egrosuisse.ch\/fr\/wp-json\/wp\/v2\/product"}],"about":[{"href":"https:\/\/egrosuisse.ch\/fr\/wp-json\/wp\/v2\/types\/product"}],"wp:featuredmedia":[{"embeddable":true,"href":"https:\/\/egrosuisse.ch\/fr\/wp-json\/wp\/v2\/media\/118192"}],"wp:attachment":[{"href":"https:\/\/egrosuisse.ch\/fr\/wp-json\/wp\/v2\/media?parent=118374"}],"wp:term":[{"taxonomy":"product_brand","embeddable":true,"href":"https:\/\/egrosuisse.ch\/fr\/wp-json\/wp\/v2\/product_brand?post=118374"},{"taxonomy":"product_cat","embeddable":true,"href":"https:\/\/egrosuisse.ch\/fr\/wp-json\/wp\/v2\/product_cat?post=118374"},{"taxonomy":"product_tag","embeddable":true,"href":"https:\/\/egrosuisse.ch\/fr\/wp-json\/wp\/v2\/product_tag?post=118374"}],"curies":[{"name":"wp","href":"https:\/\/api.w.org\/{rel}","templated":true}]}}