{"id":118367,"date":"2024-08-31T14:28:17","date_gmt":"2024-08-31T12:28:17","guid":{"rendered":"https:\/\/egrosuisse.ch\/?post_type=product&#038;p=118367"},"modified":"2024-08-31T14:28:17","modified_gmt":"2024-08-31T12:28:17","slug":"bwt-bestcup-m-filtre-a-eau","status":"publish","type":"product","link":"https:\/\/egrosuisse.ch\/fr\/produkt\/bwt-bestcup-m-filtre-a-eau\/","title":{"rendered":"BWT | bestcup M | Filtre \u00e0 eau"},"content":{"rendered":"<p>Pour les machines \u00e0 caf\u00e9 Egro avec r\u00e9servoir  &nbsp;<\/p>\n","protected":false},"excerpt":{"rendered":"<p>Pour les machines \u00e0 caf\u00e9 Egro avec r\u00e9servoir<\/p>\n","protected":false},"featured_media":118143,"template":"","meta":{"_et_pb_use_builder":"","_et_pb_old_content":"","_et_gb_content_width":""},"product_brand":[],"product_cat":[42],"product_tag":[],"class_list":{"0":"post-118367","1":"product","2":"type-product","3":"status-publish","4":"has-post-thumbnail","6":"product_cat-nettoyants-et-accessoires","8":"first","9":"instock","10":"taxable","11":"shipping-taxable","12":"purchasable","13":"product-type-variable","14":"has-default-attributes"},"_links":{"self":[{"href":"https:\/\/egrosuisse.ch\/fr\/wp-json\/wp\/v2\/product\/118367","targetHints":{"allow":["GET"]}}],"collection":[{"href":"https:\/\/egrosuisse.ch\/fr\/wp-json\/wp\/v2\/product"}],"about":[{"href":"https:\/\/egrosuisse.ch\/fr\/wp-json\/wp\/v2\/types\/product"}],"wp:featuredmedia":[{"embeddable":true,"href":"https:\/\/egrosuisse.ch\/fr\/wp-json\/wp\/v2\/media\/118143"}],"wp:attachment":[{"href":"https:\/\/egrosuisse.ch\/fr\/wp-json\/wp\/v2\/media?parent=118367"}],"wp:term":[{"taxonomy":"product_brand","embeddable":true,"href":"https:\/\/egrosuisse.ch\/fr\/wp-json\/wp\/v2\/product_brand?post=118367"},{"taxonomy":"product_cat","embeddable":true,"href":"https:\/\/egrosuisse.ch\/fr\/wp-json\/wp\/v2\/product_cat?post=118367"},{"taxonomy":"product_tag","embeddable":true,"href":"https:\/\/egrosuisse.ch\/fr\/wp-json\/wp\/v2\/product_tag?post=118367"}],"curies":[{"name":"wp","href":"https:\/\/api.w.org\/{rel}","templated":true}]}}