{"id":118363,"date":"2024-08-31T14:28:17","date_gmt":"2024-08-31T12:28:17","guid":{"rendered":"https:\/\/egrosuisse.ch\/?post_type=product&#038;p=118363"},"modified":"2025-11-24T09:44:35","modified_gmt":"2025-11-24T08:44:35","slug":"egro-liquide-de-nettoyage-pour-systemes-de-lait","status":"publish","type":"product","link":"https:\/\/egrosuisse.ch\/fr\/produkt\/egro-liquide-de-nettoyage-pour-systemes-de-lait\/","title":{"rendered":"Egro | Liquide de nettoyage pour syst\u00e8mes de lait"},"content":{"rendered":"<p>12 litres correspondent \u00e0 environ une ann\u00e9e de consommation par machine \u00e0 caf\u00e9 enti\u00e8rement automatique de marque Egro.<br \/>\nUn carton de 12 bouteilles de 1l vous est propos\u00e9 au prix pr\u00e9f\u00e9rentiel de CHF 247.15. <a href=\"https:\/\/egrosuisse.ch\/wp-content\/uploads\/2025\/05\/Rinza-Acid-Milk-System-Cleaner_SUI_V2_30_09_22-2.pdf\">Fiche de donn\u00e9es de s\u00e9curit\u00e9<\/a><\/p>\n","protected":false},"excerpt":{"rendered":"<p>12 litres correspondent \u00e0 environ un an de consommation par machine \u00e0 caf\u00e9 enti\u00e8rement automatique de marque Egro.<\/p>\n","protected":false},"featured_media":118116,"template":"","meta":{"_et_pb_use_builder":"","_et_pb_old_content":"","_et_gb_content_width":""},"product_brand":[],"product_cat":[42],"product_tag":[],"class_list":{"0":"post-118363","1":"product","2":"type-product","3":"status-publish","4":"has-post-thumbnail","6":"product_cat-nettoyants-et-accessoires","8":"first","9":"instock","10":"featured","11":"taxable","12":"shipping-taxable","13":"purchasable","14":"product-type-variable","15":"has-default-attributes"},"_links":{"self":[{"href":"https:\/\/egrosuisse.ch\/fr\/wp-json\/wp\/v2\/product\/118363","targetHints":{"allow":["GET"]}}],"collection":[{"href":"https:\/\/egrosuisse.ch\/fr\/wp-json\/wp\/v2\/product"}],"about":[{"href":"https:\/\/egrosuisse.ch\/fr\/wp-json\/wp\/v2\/types\/product"}],"wp:featuredmedia":[{"embeddable":true,"href":"https:\/\/egrosuisse.ch\/fr\/wp-json\/wp\/v2\/media\/118116"}],"wp:attachment":[{"href":"https:\/\/egrosuisse.ch\/fr\/wp-json\/wp\/v2\/media?parent=118363"}],"wp:term":[{"taxonomy":"product_brand","embeddable":true,"href":"https:\/\/egrosuisse.ch\/fr\/wp-json\/wp\/v2\/product_brand?post=118363"},{"taxonomy":"product_cat","embeddable":true,"href":"https:\/\/egrosuisse.ch\/fr\/wp-json\/wp\/v2\/product_cat?post=118363"},{"taxonomy":"product_tag","embeddable":true,"href":"https:\/\/egrosuisse.ch\/fr\/wp-json\/wp\/v2\/product_tag?post=118363"}],"curies":[{"name":"wp","href":"https:\/\/api.w.org\/{rel}","templated":true}]}}