{"id":118361,"date":"2024-08-31T14:28:17","date_gmt":"2024-08-31T12:28:17","guid":{"rendered":"https:\/\/egrosuisse.ch\/?post_type=product&#038;p=118361"},"modified":"2025-05-08T09:49:06","modified_gmt":"2025-05-08T07:49:06","slug":"rancilio-grains-de-nettoyage-pour-moulins-a-cafe","status":"publish","type":"product","link":"https:\/\/egrosuisse.ch\/fr\/produkt\/rancilio-grains-de-nettoyage-pour-moulins-a-cafe\/","title":{"rendered":"Rancilio | Grains de nettoyage pour moulins \u00e0 caf\u00e9"},"content":{"rendered":"<p>Bo\u00eete de grains de nettoyage pour tous les moulins Rancilio. <a href=\"https:\/\/egrosuisse.ch\/wp-content\/uploads\/2025\/05\/Grindz_SUI_V2_30_09_22-2.pdf\">Fiche de donn\u00e9es de s\u00e9curit\u00e9<\/a><\/p>\n","protected":false},"excerpt":{"rendered":"<p>Bo\u00eete de grains de nettoyage pour tous les moulins Rancilio<\/p>\n","protected":false},"featured_media":118130,"template":"","meta":{"_et_pb_use_builder":"","_et_pb_old_content":"","_et_gb_content_width":""},"product_brand":[],"product_cat":[42],"product_tag":[],"class_list":{"0":"post-118361","1":"product","2":"type-product","3":"status-publish","4":"has-post-thumbnail","6":"product_cat-nettoyants-et-accessoires","8":"first","9":"instock","10":"featured","11":"taxable","12":"shipping-taxable","13":"purchasable","14":"product-type-simple"},"_links":{"self":[{"href":"https:\/\/egrosuisse.ch\/fr\/wp-json\/wp\/v2\/product\/118361","targetHints":{"allow":["GET"]}}],"collection":[{"href":"https:\/\/egrosuisse.ch\/fr\/wp-json\/wp\/v2\/product"}],"about":[{"href":"https:\/\/egrosuisse.ch\/fr\/wp-json\/wp\/v2\/types\/product"}],"wp:featuredmedia":[{"embeddable":true,"href":"https:\/\/egrosuisse.ch\/fr\/wp-json\/wp\/v2\/media\/118130"}],"wp:attachment":[{"href":"https:\/\/egrosuisse.ch\/fr\/wp-json\/wp\/v2\/media?parent=118361"}],"wp:term":[{"taxonomy":"product_brand","embeddable":true,"href":"https:\/\/egrosuisse.ch\/fr\/wp-json\/wp\/v2\/product_brand?post=118361"},{"taxonomy":"product_cat","embeddable":true,"href":"https:\/\/egrosuisse.ch\/fr\/wp-json\/wp\/v2\/product_cat?post=118361"},{"taxonomy":"product_tag","embeddable":true,"href":"https:\/\/egrosuisse.ch\/fr\/wp-json\/wp\/v2\/product_tag?post=118361"}],"curies":[{"name":"wp","href":"https:\/\/api.w.org\/{rel}","templated":true}]}}