{"id":118360,"date":"2024-08-31T14:26:14","date_gmt":"2024-08-31T12:26:14","guid":{"rendered":"https:\/\/egrosuisse.ch\/?post_type=product&#038;p=118360"},"modified":"2024-08-31T14:26:14","modified_gmt":"2024-08-31T12:26:14","slug":"detartrant-animo-48-sachets-de-50-grammes","status":"publish","type":"product","link":"https:\/\/egrosuisse.ch\/fr\/produkt\/detartrant-animo-48-sachets-de-50-grammes\/","title":{"rendered":"D\u00e9tartrant Animo, 48 sachets de 50 grammes"},"content":{"rendered":"<p>Pour le d\u00e9tartrage des appareils Animo <a href=\"https:\/\/egrosuisse.ch\/wp-content\/uploads\/2024\/08\/SDS_Animo_ketelsteen_DE.pdf\">Fiche de donn\u00e9es de s\u00e9curit\u00e9<\/a><\/p>\n","protected":false},"excerpt":{"rendered":"<p>Pour le d\u00e9tartrage des appareils Animo<\/p>\n","protected":false},"featured_media":118153,"template":"","meta":{"_et_pb_use_builder":"","_et_pb_old_content":"","_et_gb_content_width":""},"product_brand":[],"product_cat":[43,42],"product_tag":[],"class_list":{"0":"post-118360","1":"product","2":"type-product","3":"status-publish","4":"has-post-thumbnail","6":"product_cat-accessoires-animo","7":"product_cat-nettoyants-et-accessoires","9":"first","10":"instock","11":"taxable","12":"shipping-taxable","13":"purchasable","14":"product-type-simple"},"_links":{"self":[{"href":"https:\/\/egrosuisse.ch\/fr\/wp-json\/wp\/v2\/product\/118360","targetHints":{"allow":["GET"]}}],"collection":[{"href":"https:\/\/egrosuisse.ch\/fr\/wp-json\/wp\/v2\/product"}],"about":[{"href":"https:\/\/egrosuisse.ch\/fr\/wp-json\/wp\/v2\/types\/product"}],"wp:featuredmedia":[{"embeddable":true,"href":"https:\/\/egrosuisse.ch\/fr\/wp-json\/wp\/v2\/media\/118153"}],"wp:attachment":[{"href":"https:\/\/egrosuisse.ch\/fr\/wp-json\/wp\/v2\/media?parent=118360"}],"wp:term":[{"taxonomy":"product_brand","embeddable":true,"href":"https:\/\/egrosuisse.ch\/fr\/wp-json\/wp\/v2\/product_brand?post=118360"},{"taxonomy":"product_cat","embeddable":true,"href":"https:\/\/egrosuisse.ch\/fr\/wp-json\/wp\/v2\/product_cat?post=118360"},{"taxonomy":"product_tag","embeddable":true,"href":"https:\/\/egrosuisse.ch\/fr\/wp-json\/wp\/v2\/product_tag?post=118360"}],"curies":[{"name":"wp","href":"https:\/\/api.w.org\/{rel}","templated":true}]}}