{"id":118358,"date":"2024-08-31T14:26:14","date_gmt":"2024-08-31T12:26:14","guid":{"rendered":"https:\/\/egrosuisse.ch\/?post_type=product&#038;p=118358"},"modified":"2024-09-12T09:34:21","modified_gmt":"2024-09-12T07:34:21","slug":"animo-solution-pour-le-marc-de-cafe-100-sachets-de-10-grammes","status":"publish","type":"product","link":"https:\/\/egrosuisse.ch\/fr\/produkt\/animo-solution-pour-le-marc-de-cafe-100-sachets-de-10-grammes\/","title":{"rendered":"Animo solution pour le marc de caf\u00e9, 100 sachets de 10 grammes"},"content":{"rendered":"<p>Pour nettoyer votre machine \u00e0 caf\u00e9 ANIMO.<br \/>\nDissolvant contre le marc de caf\u00e9. <a href=\"https:\/\/egrosuisse.ch\/wp-content\/uploads\/2024\/08\/SDS_Animo_koffieaanslag_DE.pdf\">Fiche de donn\u00e9es de s\u00e9curit\u00e9<\/a><\/p>\n","protected":false},"excerpt":{"rendered":"<p>Solvant contre le marc de caf\u00e9.<\/p>\n","protected":false},"featured_media":118148,"template":"","meta":{"_et_pb_use_builder":"","_et_pb_old_content":"","_et_gb_content_width":""},"product_brand":[],"product_cat":[43,42],"product_tag":[],"class_list":{"0":"post-118358","1":"product","2":"type-product","3":"status-publish","4":"has-post-thumbnail","6":"product_cat-accessoires-animo","7":"product_cat-nettoyants-et-accessoires","9":"first","10":"instock","11":"taxable","12":"shipping-taxable","13":"purchasable","14":"product-type-simple"},"_links":{"self":[{"href":"https:\/\/egrosuisse.ch\/fr\/wp-json\/wp\/v2\/product\/118358","targetHints":{"allow":["GET"]}}],"collection":[{"href":"https:\/\/egrosuisse.ch\/fr\/wp-json\/wp\/v2\/product"}],"about":[{"href":"https:\/\/egrosuisse.ch\/fr\/wp-json\/wp\/v2\/types\/product"}],"wp:featuredmedia":[{"embeddable":true,"href":"https:\/\/egrosuisse.ch\/fr\/wp-json\/wp\/v2\/media\/118148"}],"wp:attachment":[{"href":"https:\/\/egrosuisse.ch\/fr\/wp-json\/wp\/v2\/media?parent=118358"}],"wp:term":[{"taxonomy":"product_brand","embeddable":true,"href":"https:\/\/egrosuisse.ch\/fr\/wp-json\/wp\/v2\/product_brand?post=118358"},{"taxonomy":"product_cat","embeddable":true,"href":"https:\/\/egrosuisse.ch\/fr\/wp-json\/wp\/v2\/product_cat?post=118358"},{"taxonomy":"product_tag","embeddable":true,"href":"https:\/\/egrosuisse.ch\/fr\/wp-json\/wp\/v2\/product_tag?post=118358"}],"curies":[{"name":"wp","href":"https:\/\/api.w.org\/{rel}","templated":true}]}}