{"id":118345,"date":"2024-08-31T14:26:16","date_gmt":"2024-08-31T12:26:16","guid":{"rendered":"https:\/\/egrosuisse.ch\/?post_type=product&#038;p=118345"},"modified":"2024-09-12T09:13:39","modified_gmt":"2024-09-12T07:13:39","slug":"tremie-a-grains-gauche-egro-one-raccourci","status":"publish","type":"product","link":"https:\/\/egrosuisse.ch\/fr\/produkt\/tremie-a-grains-gauche-egro-one-raccourci\/","title":{"rendered":"Egro | Tr\u00e9mie \u00e0 grains gauche Egro ONE raccourci"},"content":{"rendered":"<p>complet avec couvercle, pi\u00e8ces d\u00e9tach\u00e9es sur demande<\/p>\n","protected":false},"excerpt":{"rendered":"<p>complet avec couvercle, pi\u00e8ces d\u00e9tach\u00e9es sur demande<\/p>\n","protected":false},"featured_media":118201,"template":"","meta":{"_et_pb_use_builder":"","_et_pb_old_content":"","_et_gb_content_width":""},"product_brand":[],"product_cat":[42],"product_tag":[],"class_list":{"0":"post-118345","1":"product","2":"type-product","3":"status-publish","4":"has-post-thumbnail","6":"product_cat-nettoyants-et-accessoires","8":"first","9":"instock","10":"taxable","11":"shipping-taxable","12":"purchasable","13":"product-type-simple"},"_links":{"self":[{"href":"https:\/\/egrosuisse.ch\/fr\/wp-json\/wp\/v2\/product\/118345","targetHints":{"allow":["GET"]}}],"collection":[{"href":"https:\/\/egrosuisse.ch\/fr\/wp-json\/wp\/v2\/product"}],"about":[{"href":"https:\/\/egrosuisse.ch\/fr\/wp-json\/wp\/v2\/types\/product"}],"wp:featuredmedia":[{"embeddable":true,"href":"https:\/\/egrosuisse.ch\/fr\/wp-json\/wp\/v2\/media\/118201"}],"wp:attachment":[{"href":"https:\/\/egrosuisse.ch\/fr\/wp-json\/wp\/v2\/media?parent=118345"}],"wp:term":[{"taxonomy":"product_brand","embeddable":true,"href":"https:\/\/egrosuisse.ch\/fr\/wp-json\/wp\/v2\/product_brand?post=118345"},{"taxonomy":"product_cat","embeddable":true,"href":"https:\/\/egrosuisse.ch\/fr\/wp-json\/wp\/v2\/product_cat?post=118345"},{"taxonomy":"product_tag","embeddable":true,"href":"https:\/\/egrosuisse.ch\/fr\/wp-json\/wp\/v2\/product_tag?post=118345"}],"curies":[{"name":"wp","href":"https:\/\/api.w.org\/{rel}","templated":true}]}}