{"id":118340,"date":"2024-08-31T14:26:10","date_gmt":"2024-08-31T12:26:10","guid":{"rendered":"https:\/\/egrosuisse.ch\/?post_type=product&#038;p=118340"},"modified":"2024-08-31T14:26:10","modified_gmt":"2024-08-31T12:26:10","slug":"pinceau-a-moulin-maxi","status":"publish","type":"product","link":"https:\/\/egrosuisse.ch\/fr\/produkt\/pinceau-a-moulin-maxi\/","title":{"rendered":"Pinceau \u00e0 moulin Maxi"},"content":{"rendered":"<p>Pinceau d&rsquo;environ 35 mm de large pour le nettoyage de l&rsquo;expresso ou du moulin \u00e0 caf\u00e9.<br \/>\nPoign\u00e9e en bois laqu\u00e9 avec poils naturels.<br \/>\nPour nettoyer rapidement votre machine \u00e0 caf\u00e9 Rancilio, l&rsquo;aspect visuel joue aussi un r\u00f4le.  <\/p>\n","protected":false},"excerpt":{"rendered":"<p>Pinceau d&rsquo;environ 35 mm de large pour le nettoyage de l&rsquo;expresso ou du moulin \u00e0 caf\u00e9. Poign\u00e9e en bois laqu\u00e9 avec poils naturels. Pour nettoyer rapidement votre machine \u00e0 caf\u00e9 Rancilio, l&rsquo;aspect visuel joue aussi un r\u00f4le.<\/p>\n","protected":false},"featured_media":118306,"template":"","meta":{"_et_pb_use_builder":"","_et_pb_old_content":"","_et_gb_content_width":""},"product_brand":[],"product_cat":[41],"product_tag":[],"class_list":{"0":"post-118340","1":"product","2":"type-product","3":"status-publish","4":"has-post-thumbnail","6":"product_cat-accessoires-barista","8":"first","9":"instock","10":"taxable","11":"shipping-taxable","12":"purchasable","13":"product-type-simple"},"_links":{"self":[{"href":"https:\/\/egrosuisse.ch\/fr\/wp-json\/wp\/v2\/product\/118340","targetHints":{"allow":["GET"]}}],"collection":[{"href":"https:\/\/egrosuisse.ch\/fr\/wp-json\/wp\/v2\/product"}],"about":[{"href":"https:\/\/egrosuisse.ch\/fr\/wp-json\/wp\/v2\/types\/product"}],"wp:featuredmedia":[{"embeddable":true,"href":"https:\/\/egrosuisse.ch\/fr\/wp-json\/wp\/v2\/media\/118306"}],"wp:attachment":[{"href":"https:\/\/egrosuisse.ch\/fr\/wp-json\/wp\/v2\/media?parent=118340"}],"wp:term":[{"taxonomy":"product_brand","embeddable":true,"href":"https:\/\/egrosuisse.ch\/fr\/wp-json\/wp\/v2\/product_brand?post=118340"},{"taxonomy":"product_cat","embeddable":true,"href":"https:\/\/egrosuisse.ch\/fr\/wp-json\/wp\/v2\/product_cat?post=118340"},{"taxonomy":"product_tag","embeddable":true,"href":"https:\/\/egrosuisse.ch\/fr\/wp-json\/wp\/v2\/product_tag?post=118340"}],"curies":[{"name":"wp","href":"https:\/\/api.w.org\/{rel}","templated":true}]}}