{"id":118338,"date":"2024-08-31T14:26:10","date_gmt":"2024-08-31T12:26:10","guid":{"rendered":"https:\/\/egrosuisse.ch\/?post_type=product&#038;p=118338"},"modified":"2024-09-10T17:06:24","modified_gmt":"2024-09-10T15:06:24","slug":"knock-box-en-metal-m","status":"publish","type":"product","link":"https:\/\/egrosuisse.ch\/fr\/produkt\/knock-box-en-metal-m\/","title":{"rendered":"Knock box en m\u00e9tal M"},"content":{"rendered":"<p>Ce r\u00e9cipient \u00e0 marc de caf\u00e9 en acier inoxydable est tr\u00e8s silencieux gr\u00e2ce \u00e0 sa tige m\u00e9tallique recouverte de silicone et \u00e0 son rev\u00eatement en caoutchouc extr\u00eamement antid\u00e9rapant.<br \/>\nSon design professionnel s&rsquo;adapte id\u00e9alement \u00e0 la plupart des cafeti\u00e8res et moulins.<br \/>\nLes dimensions sont les suivantes : (l\/l\/h) 18cm x 14cm x12cm<\/p>\n","protected":false},"excerpt":{"rendered":"<p>Ce r\u00e9cipient \u00e0 marc de caf\u00e9 en acier inoxydable est tr\u00e8s silencieux gr\u00e2ce \u00e0 sa tige m\u00e9tallique recouverte de silicone et \u00e0 son rev\u00eatement en caoutchouc extr\u00eamement antid\u00e9rapant. Son design professionnel s&rsquo;adapte id\u00e9alement \u00e0 la plupart des cafeti\u00e8res et moulins. Les dimensions sont les suivantes : (l\/l\/h) 18cm x 14cm x12cm<\/p>\n","protected":false},"featured_media":118303,"template":"","meta":{"_et_pb_use_builder":"","_et_pb_old_content":"","_et_gb_content_width":""},"product_brand":[],"product_cat":[41],"product_tag":[],"class_list":{"0":"post-118338","1":"product","2":"type-product","3":"status-publish","4":"has-post-thumbnail","6":"product_cat-accessoires-barista","8":"first","9":"instock","10":"taxable","11":"shipping-taxable","12":"purchasable","13":"product-type-simple"},"_links":{"self":[{"href":"https:\/\/egrosuisse.ch\/fr\/wp-json\/wp\/v2\/product\/118338","targetHints":{"allow":["GET"]}}],"collection":[{"href":"https:\/\/egrosuisse.ch\/fr\/wp-json\/wp\/v2\/product"}],"about":[{"href":"https:\/\/egrosuisse.ch\/fr\/wp-json\/wp\/v2\/types\/product"}],"wp:featuredmedia":[{"embeddable":true,"href":"https:\/\/egrosuisse.ch\/fr\/wp-json\/wp\/v2\/media\/118303"}],"wp:attachment":[{"href":"https:\/\/egrosuisse.ch\/fr\/wp-json\/wp\/v2\/media?parent=118338"}],"wp:term":[{"taxonomy":"product_brand","embeddable":true,"href":"https:\/\/egrosuisse.ch\/fr\/wp-json\/wp\/v2\/product_brand?post=118338"},{"taxonomy":"product_cat","embeddable":true,"href":"https:\/\/egrosuisse.ch\/fr\/wp-json\/wp\/v2\/product_cat?post=118338"},{"taxonomy":"product_tag","embeddable":true,"href":"https:\/\/egrosuisse.ch\/fr\/wp-json\/wp\/v2\/product_tag?post=118338"}],"curies":[{"name":"wp","href":"https:\/\/api.w.org\/{rel}","templated":true}]}}