{"id":118336,"date":"2024-08-31T14:26:10","date_gmt":"2024-08-31T12:26:10","guid":{"rendered":"https:\/\/egrosuisse.ch\/?post_type=product&#038;p=118336"},"modified":"2024-09-12T08:55:53","modified_gmt":"2024-09-12T06:55:53","slug":"tamping-mat-l","status":"publish","type":"product","link":"https:\/\/egrosuisse.ch\/fr\/produkt\/tamping-mat-l\/","title":{"rendered":"Tamping Mat L"},"content":{"rendered":"<p>Ce tapis pour tamper nouvellement con\u00e7u et am\u00e9lior\u00e9 est maintenant fabriqu\u00e9 en silicone avec une \u00e9paisseur de 5 mm et une bordure de 8 mm, pour assurer une stabilit\u00e9 et une propret\u00e9 accrues lors du tamping. Le rebord rigide \u00e0 90\u00b0 \u00e0 l&rsquo;avant vous permet de poser cet ustensile pratique sur le bord d&rsquo;une table ou d&rsquo;un comptoir de mani\u00e8re s\u00fbre et antid\u00e9rapante.<\/p>\n","protected":false},"excerpt":{"rendered":"<p>Ce tapis pour tamper nouvellement con\u00e7u et am\u00e9lior\u00e9 est maintenant fabriqu\u00e9 en silicone avec une \u00e9paisseur de 5 mm et une bordure de 8 mm, pour assurer une stabilit\u00e9 et une propret\u00e9 accrues lors du tamping. Le rebord rigide \u00e0 90\u00b0 \u00e0 l&rsquo;avant vous permet de poser cet ustensile pratique sur le bord d&rsquo;une table [&hellip;]<\/p>\n","protected":false},"featured_media":118300,"template":"","meta":{"_et_pb_use_builder":"","_et_pb_old_content":"","_et_gb_content_width":""},"product_brand":[],"product_cat":[41],"product_tag":[],"class_list":{"0":"post-118336","1":"product","2":"type-product","3":"status-publish","4":"has-post-thumbnail","6":"product_cat-accessoires-barista","8":"first","9":"instock","10":"taxable","11":"shipping-taxable","12":"purchasable","13":"product-type-simple"},"_links":{"self":[{"href":"https:\/\/egrosuisse.ch\/fr\/wp-json\/wp\/v2\/product\/118336","targetHints":{"allow":["GET"]}}],"collection":[{"href":"https:\/\/egrosuisse.ch\/fr\/wp-json\/wp\/v2\/product"}],"about":[{"href":"https:\/\/egrosuisse.ch\/fr\/wp-json\/wp\/v2\/types\/product"}],"wp:featuredmedia":[{"embeddable":true,"href":"https:\/\/egrosuisse.ch\/fr\/wp-json\/wp\/v2\/media\/118300"}],"wp:attachment":[{"href":"https:\/\/egrosuisse.ch\/fr\/wp-json\/wp\/v2\/media?parent=118336"}],"wp:term":[{"taxonomy":"product_brand","embeddable":true,"href":"https:\/\/egrosuisse.ch\/fr\/wp-json\/wp\/v2\/product_brand?post=118336"},{"taxonomy":"product_cat","embeddable":true,"href":"https:\/\/egrosuisse.ch\/fr\/wp-json\/wp\/v2\/product_cat?post=118336"},{"taxonomy":"product_tag","embeddable":true,"href":"https:\/\/egrosuisse.ch\/fr\/wp-json\/wp\/v2\/product_tag?post=118336"}],"curies":[{"name":"wp","href":"https:\/\/api.w.org\/{rel}","templated":true}]}}