{"id":118335,"date":"2024-08-31T14:26:11","date_gmt":"2024-08-31T12:26:11","guid":{"rendered":"https:\/\/egrosuisse.ch\/?post_type=product&#038;p=118335"},"modified":"2024-09-12T09:06:21","modified_gmt":"2024-09-12T07:06:21","slug":"verre-a-shooter-espresso","status":"publish","type":"product","link":"https:\/\/egrosuisse.ch\/fr\/produkt\/verre-a-shooter-espresso\/","title":{"rendered":"Verre \u00e0 shooter Espresso"},"content":{"rendered":"<p>Verre \u00e0 shot pour mesurer le simple et le double shot d&rsquo;un ristretto et d&rsquo;un espresso.<br \/>\nEntretien :Nettoyez le verre avec un chiffon humide si possible, le motif imprim\u00e9 \u00e0 long terme se d\u00e9t\u00e9riore dans le lave-vaisselle.<\/p>\n<p>Dimensions : 4,5 cm x 4,5 cm x 6,5 cm<\/p>\n","protected":false},"excerpt":{"rendered":"<p>Verre \u00e0 shot pour mesurer le simple et le double shot d&rsquo;un ristretto et d&rsquo;un espresso. Entretien :Nettoyez le verre avec un chiffon humide si possible, le motif imprim\u00e9 \u00e0 long terme se d\u00e9t\u00e9riore dans le lave-vaisselle. Dimensions : 4,5 cm x 4,5 cm x 6,5 cm<\/p>\n","protected":false},"featured_media":118285,"template":"","meta":{"_et_pb_use_builder":"","_et_pb_old_content":"","_et_gb_content_width":""},"product_brand":[],"product_cat":[41],"product_tag":[],"class_list":{"0":"post-118335","1":"product","2":"type-product","3":"status-publish","4":"has-post-thumbnail","6":"product_cat-accessoires-barista","8":"first","9":"instock","10":"taxable","11":"shipping-taxable","12":"purchasable","13":"product-type-simple"},"_links":{"self":[{"href":"https:\/\/egrosuisse.ch\/fr\/wp-json\/wp\/v2\/product\/118335","targetHints":{"allow":["GET"]}}],"collection":[{"href":"https:\/\/egrosuisse.ch\/fr\/wp-json\/wp\/v2\/product"}],"about":[{"href":"https:\/\/egrosuisse.ch\/fr\/wp-json\/wp\/v2\/types\/product"}],"wp:featuredmedia":[{"embeddable":true,"href":"https:\/\/egrosuisse.ch\/fr\/wp-json\/wp\/v2\/media\/118285"}],"wp:attachment":[{"href":"https:\/\/egrosuisse.ch\/fr\/wp-json\/wp\/v2\/media?parent=118335"}],"wp:term":[{"taxonomy":"product_brand","embeddable":true,"href":"https:\/\/egrosuisse.ch\/fr\/wp-json\/wp\/v2\/product_brand?post=118335"},{"taxonomy":"product_cat","embeddable":true,"href":"https:\/\/egrosuisse.ch\/fr\/wp-json\/wp\/v2\/product_cat?post=118335"},{"taxonomy":"product_tag","embeddable":true,"href":"https:\/\/egrosuisse.ch\/fr\/wp-json\/wp\/v2\/product_tag?post=118335"}],"curies":[{"name":"wp","href":"https:\/\/api.w.org\/{rel}","templated":true}]}}