{"id":118333,"date":"2024-08-31T14:26:11","date_gmt":"2024-08-31T12:26:11","guid":{"rendered":"https:\/\/egrosuisse.ch\/?post_type=product&#038;p=118333"},"modified":"2024-08-31T14:26:11","modified_gmt":"2024-08-31T12:26:11","slug":"minuteur-avec-pile","status":"publish","type":"product","link":"https:\/\/egrosuisse.ch\/fr\/produkt\/minuteur-avec-pile\/","title":{"rendered":"Minuteur avec pile"},"content":{"rendered":"<p>Mesurez le temps de pr\u00e9paration de votre espresso, le temps de pr\u00e9paration de votre caf\u00e9 filtre ou le temps d&rsquo;infusion de votre th\u00e9.<br \/>\nNotre minuteur est dot\u00e9 d&rsquo;un bouton marche\/arr\u00eat, d&rsquo;une fonction compte \u00e0 rebours et d&rsquo;un \u00e9cran LCD facile \u00e0 lire. <\/p>\n","protected":false},"excerpt":{"rendered":"<p>Mesurez le temps de pr\u00e9paration de votre espresso, le temps de pr\u00e9paration de votre caf\u00e9 filtre ou le temps d&rsquo;infusion de votre th\u00e9. Notre minuteur est dot\u00e9 d&rsquo;un bouton marche\/arr\u00eat, d&rsquo;une fonction compte \u00e0 rebours et d&rsquo;un \u00e9cran LCD facile \u00e0 lire.<\/p>\n","protected":false},"featured_media":118282,"template":"","meta":{"_et_pb_use_builder":"","_et_pb_old_content":"","_et_gb_content_width":""},"product_brand":[],"product_cat":[41],"product_tag":[],"class_list":{"0":"post-118333","1":"product","2":"type-product","3":"status-publish","4":"has-post-thumbnail","6":"product_cat-accessoires-barista","8":"first","9":"instock","10":"taxable","11":"shipping-taxable","12":"purchasable","13":"product-type-simple"},"_links":{"self":[{"href":"https:\/\/egrosuisse.ch\/fr\/wp-json\/wp\/v2\/product\/118333","targetHints":{"allow":["GET"]}}],"collection":[{"href":"https:\/\/egrosuisse.ch\/fr\/wp-json\/wp\/v2\/product"}],"about":[{"href":"https:\/\/egrosuisse.ch\/fr\/wp-json\/wp\/v2\/types\/product"}],"wp:featuredmedia":[{"embeddable":true,"href":"https:\/\/egrosuisse.ch\/fr\/wp-json\/wp\/v2\/media\/118282"}],"wp:attachment":[{"href":"https:\/\/egrosuisse.ch\/fr\/wp-json\/wp\/v2\/media?parent=118333"}],"wp:term":[{"taxonomy":"product_brand","embeddable":true,"href":"https:\/\/egrosuisse.ch\/fr\/wp-json\/wp\/v2\/product_brand?post=118333"},{"taxonomy":"product_cat","embeddable":true,"href":"https:\/\/egrosuisse.ch\/fr\/wp-json\/wp\/v2\/product_cat?post=118333"},{"taxonomy":"product_tag","embeddable":true,"href":"https:\/\/egrosuisse.ch\/fr\/wp-json\/wp\/v2\/product_tag?post=118333"}],"curies":[{"name":"wp","href":"https:\/\/api.w.org\/{rel}","templated":true}]}}