{"id":118331,"date":"2024-08-31T14:26:11","date_gmt":"2024-08-31T12:26:11","guid":{"rendered":"https:\/\/egrosuisse.ch\/?post_type=product&#038;p=118331"},"modified":"2024-08-31T14:26:11","modified_gmt":"2024-08-31T12:26:11","slug":"balance-numerique-sjs-60007","status":"publish","type":"product","link":"https:\/\/egrosuisse.ch\/fr\/produkt\/balance-numerique-sjs-60007\/","title":{"rendered":"Balance num\u00e9rique SJS-60007"},"content":{"rendered":"<p>Cette balance num\u00e9rique de pr\u00e9cision hautement sensible mesure la quantit\u00e9 de caf\u00e9 moulu souhait\u00e9e avec une pr\u00e9cision de 0,1 g. Elle supporte un poids maximal de 500 g. Unit\u00e9 de mesure commutable, affichage lumineux, fonction d&rsquo;\u00e9talonnage, arr\u00eat automatique.<br \/>\nFonction de tare et de comptage.<br \/>\nUtilise des piles micro AAA.<br \/>\nDimensions : LxLxH : 64x117x18 mm. Mat\u00e9riau : balance en plastique, plateau en acier inoxydable.<br \/>\nEntretien : essuyez simplement, ne mettez PAS au lave-vaisselle !    <\/p>\n","protected":false},"excerpt":{"rendered":"<p>Cette balance num\u00e9rique de pr\u00e9cision hautement sensible mesure la quantit\u00e9 de caf\u00e9 moulu souhait\u00e9e avec une pr\u00e9cision de 0,1 g. Elle supporte un poids maximal de 500 g. Unit\u00e9 de mesure commutable, affichage lumineux, fonction d&rsquo;\u00e9talonnage, arr\u00eat automatique. Fonction de tare et de comptage. Utilise des piles micro AAA. Dimensions : LxLxH : 64x117x18 mm. [&hellip;]<\/p>\n","protected":false},"featured_media":118279,"template":"","meta":{"_et_pb_use_builder":"","_et_pb_old_content":"","_et_gb_content_width":""},"product_brand":[],"product_cat":[41],"product_tag":[],"class_list":{"0":"post-118331","1":"product","2":"type-product","3":"status-publish","4":"has-post-thumbnail","6":"product_cat-accessoires-barista","8":"first","9":"instock","10":"taxable","11":"shipping-taxable","12":"purchasable","13":"product-type-simple"},"_links":{"self":[{"href":"https:\/\/egrosuisse.ch\/fr\/wp-json\/wp\/v2\/product\/118331","targetHints":{"allow":["GET"]}}],"collection":[{"href":"https:\/\/egrosuisse.ch\/fr\/wp-json\/wp\/v2\/product"}],"about":[{"href":"https:\/\/egrosuisse.ch\/fr\/wp-json\/wp\/v2\/types\/product"}],"wp:featuredmedia":[{"embeddable":true,"href":"https:\/\/egrosuisse.ch\/fr\/wp-json\/wp\/v2\/media\/118279"}],"wp:attachment":[{"href":"https:\/\/egrosuisse.ch\/fr\/wp-json\/wp\/v2\/media?parent=118331"}],"wp:term":[{"taxonomy":"product_brand","embeddable":true,"href":"https:\/\/egrosuisse.ch\/fr\/wp-json\/wp\/v2\/product_brand?post=118331"},{"taxonomy":"product_cat","embeddable":true,"href":"https:\/\/egrosuisse.ch\/fr\/wp-json\/wp\/v2\/product_cat?post=118331"},{"taxonomy":"product_tag","embeddable":true,"href":"https:\/\/egrosuisse.ch\/fr\/wp-json\/wp\/v2\/product_tag?post=118331"}],"curies":[{"name":"wp","href":"https:\/\/api.w.org\/{rel}","templated":true}]}}