{"id":118330,"date":"2024-08-31T14:26:11","date_gmt":"2024-08-31T12:26:11","guid":{"rendered":"https:\/\/egrosuisse.ch\/?post_type=product&#038;p=118330"},"modified":"2024-09-12T09:01:45","modified_gmt":"2024-09-12T07:01:45","slug":"stylo-latte-art","status":"publish","type":"product","link":"https:\/\/egrosuisse.ch\/fr\/produkt\/stylo-latte-art\/","title":{"rendered":"Stylo latte art"},"content":{"rendered":"<p>Latte-Pen (stylo latte art) r\u00e9unit en un seul outil pratique la cuill\u00e8re \u00e0 mousse de lait et le mandrin pour le dessin.<br \/>\nIl permet de r\u00e9aliser la plupart des dessins.<br \/>\nLe Latte Pen est fa\u00e7onn\u00e9 par tournage \u00e0 partir de l&rsquo;aluminium et ensuite poli.<br \/>\n12mm x 17 cm<\/p>\n","protected":false},"excerpt":{"rendered":"<p>Latte-Pen (stylo latte art) r\u00e9unit en un seul outil pratique la cuill\u00e8re \u00e0 mousse de lait et le mandrin pour le dessin. Il permet de r\u00e9aliser la plupart des dessins. Le Latte Pen est fa\u00e7onn\u00e9 par tournage \u00e0 partir de l&rsquo;aluminium et ensuite poli. 12mm x 17 cm<\/p>\n","protected":false},"featured_media":118276,"template":"","meta":{"_et_pb_use_builder":"","_et_pb_old_content":"","_et_gb_content_width":""},"product_brand":[],"product_cat":[41],"product_tag":[],"class_list":{"0":"post-118330","1":"product","2":"type-product","3":"status-publish","4":"has-post-thumbnail","6":"product_cat-accessoires-barista","8":"first","9":"instock","10":"taxable","11":"shipping-taxable","12":"purchasable","13":"product-type-simple"},"_links":{"self":[{"href":"https:\/\/egrosuisse.ch\/fr\/wp-json\/wp\/v2\/product\/118330","targetHints":{"allow":["GET"]}}],"collection":[{"href":"https:\/\/egrosuisse.ch\/fr\/wp-json\/wp\/v2\/product"}],"about":[{"href":"https:\/\/egrosuisse.ch\/fr\/wp-json\/wp\/v2\/types\/product"}],"wp:featuredmedia":[{"embeddable":true,"href":"https:\/\/egrosuisse.ch\/fr\/wp-json\/wp\/v2\/media\/118276"}],"wp:attachment":[{"href":"https:\/\/egrosuisse.ch\/fr\/wp-json\/wp\/v2\/media?parent=118330"}],"wp:term":[{"taxonomy":"product_brand","embeddable":true,"href":"https:\/\/egrosuisse.ch\/fr\/wp-json\/wp\/v2\/product_brand?post=118330"},{"taxonomy":"product_cat","embeddable":true,"href":"https:\/\/egrosuisse.ch\/fr\/wp-json\/wp\/v2\/product_cat?post=118330"},{"taxonomy":"product_tag","embeddable":true,"href":"https:\/\/egrosuisse.ch\/fr\/wp-json\/wp\/v2\/product_tag?post=118330"}],"curies":[{"name":"wp","href":"https:\/\/api.w.org\/{rel}","templated":true}]}}