{"id":118329,"date":"2024-08-31T14:26:12","date_gmt":"2024-08-31T12:26:12","guid":{"rendered":"https:\/\/egrosuisse.ch\/?post_type=product&#038;p=118329"},"modified":"2024-09-12T09:04:57","modified_gmt":"2024-09-12T07:04:57","slug":"poignee-en-metal","status":"publish","type":"product","link":"https:\/\/egrosuisse.ch\/fr\/produkt\/poignee-en-metal\/","title":{"rendered":"Poign\u00e9e en m\u00e9tal"},"content":{"rendered":"<p>Cette poign\u00e9e pour tamper\u00a0intemporel en aluminium massif s\u00e9duit par son design rectiligne.<br \/>\nMat\u00e9riau Aluminium<\/p>\n","protected":false},"excerpt":{"rendered":"<p>Cette poign\u00e9e pour tamper\u00a0intemporel en aluminium massif s\u00e9duit par son design rectiligne. Mat\u00e9riau Aluminium<\/p>\n","protected":false},"featured_media":118258,"template":"","meta":{"_et_pb_use_builder":"","_et_pb_old_content":"","_et_gb_content_width":""},"product_brand":[],"product_cat":[41],"product_tag":[],"class_list":{"0":"post-118329","1":"product","2":"type-product","3":"status-publish","4":"has-post-thumbnail","6":"product_cat-accessoires-barista","8":"first","9":"instock","10":"taxable","11":"shipping-taxable","12":"purchasable","13":"product-type-simple"},"_links":{"self":[{"href":"https:\/\/egrosuisse.ch\/fr\/wp-json\/wp\/v2\/product\/118329","targetHints":{"allow":["GET"]}}],"collection":[{"href":"https:\/\/egrosuisse.ch\/fr\/wp-json\/wp\/v2\/product"}],"about":[{"href":"https:\/\/egrosuisse.ch\/fr\/wp-json\/wp\/v2\/types\/product"}],"wp:featuredmedia":[{"embeddable":true,"href":"https:\/\/egrosuisse.ch\/fr\/wp-json\/wp\/v2\/media\/118258"}],"wp:attachment":[{"href":"https:\/\/egrosuisse.ch\/fr\/wp-json\/wp\/v2\/media?parent=118329"}],"wp:term":[{"taxonomy":"product_brand","embeddable":true,"href":"https:\/\/egrosuisse.ch\/fr\/wp-json\/wp\/v2\/product_brand?post=118329"},{"taxonomy":"product_cat","embeddable":true,"href":"https:\/\/egrosuisse.ch\/fr\/wp-json\/wp\/v2\/product_cat?post=118329"},{"taxonomy":"product_tag","embeddable":true,"href":"https:\/\/egrosuisse.ch\/fr\/wp-json\/wp\/v2\/product_tag?post=118329"}],"curies":[{"name":"wp","href":"https:\/\/api.w.org\/{rel}","templated":true}]}}