{"id":118326,"date":"2024-08-31T14:26:12","date_gmt":"2024-08-31T12:26:12","guid":{"rendered":"https:\/\/egrosuisse.ch\/?post_type=product&#038;p=118326"},"modified":"2024-09-10T16:52:34","modified_gmt":"2024-09-10T14:52:34","slug":"barista-tool-bag-noir","status":"publish","type":"product","link":"https:\/\/egrosuisse.ch\/fr\/produkt\/barista-tool-bag-noir\/","title":{"rendered":"Barista Tool Bag Noir"},"content":{"rendered":"<p>Ce sac de haute qualit\u00e9 en microfibre avec 2 poches amovibles (gr\u00e2ce au velcro) de 25x10x6cm et 25x11x9cm et 2 compartiments avec fermeture \u00e9clair.<br \/>\nLes dimensions du sac ouvert sont : 60 x 25cm, ferm\u00e9 25 x 22 x 10cm<\/p>\n","protected":false},"excerpt":{"rendered":"<p>Ce sac de haute qualit\u00e9 en microfibre avec 2 poches amovibles (gr\u00e2ce au velcro) de 25x10x6cm et 25x11x9cm et 2 compartiments avec fermeture \u00e9clair. Les dimensions du sac ouvert sont : 60 x 25cm, ferm\u00e9 25 x 22 x 10cm<\/p>\n","protected":false},"featured_media":118252,"template":"","meta":{"_et_pb_use_builder":"","_et_pb_old_content":"","_et_gb_content_width":""},"product_brand":[],"product_cat":[41],"product_tag":[],"class_list":{"0":"post-118326","1":"product","2":"type-product","3":"status-publish","4":"has-post-thumbnail","6":"product_cat-accessoires-barista","8":"first","9":"instock","10":"taxable","11":"shipping-taxable","12":"purchasable","13":"product-type-simple"},"_links":{"self":[{"href":"https:\/\/egrosuisse.ch\/fr\/wp-json\/wp\/v2\/product\/118326","targetHints":{"allow":["GET"]}}],"collection":[{"href":"https:\/\/egrosuisse.ch\/fr\/wp-json\/wp\/v2\/product"}],"about":[{"href":"https:\/\/egrosuisse.ch\/fr\/wp-json\/wp\/v2\/types\/product"}],"wp:featuredmedia":[{"embeddable":true,"href":"https:\/\/egrosuisse.ch\/fr\/wp-json\/wp\/v2\/media\/118252"}],"wp:attachment":[{"href":"https:\/\/egrosuisse.ch\/fr\/wp-json\/wp\/v2\/media?parent=118326"}],"wp:term":[{"taxonomy":"product_brand","embeddable":true,"href":"https:\/\/egrosuisse.ch\/fr\/wp-json\/wp\/v2\/product_brand?post=118326"},{"taxonomy":"product_cat","embeddable":true,"href":"https:\/\/egrosuisse.ch\/fr\/wp-json\/wp\/v2\/product_cat?post=118326"},{"taxonomy":"product_tag","embeddable":true,"href":"https:\/\/egrosuisse.ch\/fr\/wp-json\/wp\/v2\/product_tag?post=118326"}],"curies":[{"name":"wp","href":"https:\/\/api.w.org\/{rel}","templated":true}]}}