{"id":118325,"date":"2024-08-31T14:26:12","date_gmt":"2024-08-31T12:26:12","guid":{"rendered":"https:\/\/egrosuisse.ch\/?post_type=product&#038;p=118325"},"modified":"2024-09-10T17:10:16","modified_gmt":"2024-09-10T15:10:16","slug":"pot-a-lait-pichet-590ml","status":"publish","type":"product","link":"https:\/\/egrosuisse.ch\/fr\/produkt\/pot-a-lait-pichet-590ml\/","title":{"rendered":"Pot \u00e0 lait \/ Pichet 590ml"},"content":{"rendered":"<p>Ces pots \u00e0 lait vous permettent d&rsquo;obtenir une mousse de lait parfaite pour le Latte Art. Pot \u00e0 mousse en acier inoxydable \u00e0 paroi \u00e9paisse<\/p>\n<ul>\n<li>Facilite la formation d&rsquo;une mousse de lait fine et homog\u00e8ne lors du moussage<\/li>\n<li>Le bec verseur est adapt\u00e9 au Latte Art<\/li>\n<li>R\u00e9sistant au lave-vaisselle<\/li>\n<\/ul>\n","protected":false},"excerpt":{"rendered":"<p>590ml<\/p>\n","protected":false},"featured_media":118270,"template":"","meta":{"_et_pb_use_builder":"","_et_pb_old_content":"","_et_gb_content_width":""},"product_brand":[],"product_cat":[41],"product_tag":[],"class_list":{"0":"post-118325","1":"product","2":"type-product","3":"status-publish","4":"has-post-thumbnail","6":"product_cat-accessoires-barista","8":"first","9":"instock","10":"taxable","11":"shipping-taxable","12":"purchasable","13":"product-type-simple"},"_links":{"self":[{"href":"https:\/\/egrosuisse.ch\/fr\/wp-json\/wp\/v2\/product\/118325","targetHints":{"allow":["GET"]}}],"collection":[{"href":"https:\/\/egrosuisse.ch\/fr\/wp-json\/wp\/v2\/product"}],"about":[{"href":"https:\/\/egrosuisse.ch\/fr\/wp-json\/wp\/v2\/types\/product"}],"wp:featuredmedia":[{"embeddable":true,"href":"https:\/\/egrosuisse.ch\/fr\/wp-json\/wp\/v2\/media\/118270"}],"wp:attachment":[{"href":"https:\/\/egrosuisse.ch\/fr\/wp-json\/wp\/v2\/media?parent=118325"}],"wp:term":[{"taxonomy":"product_brand","embeddable":true,"href":"https:\/\/egrosuisse.ch\/fr\/wp-json\/wp\/v2\/product_brand?post=118325"},{"taxonomy":"product_cat","embeddable":true,"href":"https:\/\/egrosuisse.ch\/fr\/wp-json\/wp\/v2\/product_cat?post=118325"},{"taxonomy":"product_tag","embeddable":true,"href":"https:\/\/egrosuisse.ch\/fr\/wp-json\/wp\/v2\/product_tag?post=118325"}],"curies":[{"name":"wp","href":"https:\/\/api.w.org\/{rel}","templated":true}]}}