{"id":118320,"date":"2024-08-31T14:26:10","date_gmt":"2024-08-31T12:26:10","guid":{"rendered":"https:\/\/egrosuisse.ch\/?post_type=product&#038;p=118320"},"modified":"2024-09-10T16:57:51","modified_gmt":"2024-09-10T14:57:51","slug":"brosse-pour-groupe-dinfusion-basic-noir","status":"publish","type":"product","link":"https:\/\/egrosuisse.ch\/fr\/produkt\/brosse-pour-groupe-dinfusion-basic-noir\/","title":{"rendered":"Brosse pour groupe d&rsquo;infusion basic noir"},"content":{"rendered":"<p>Brosse de nettoyage simple et fonctionnelle pour les groupes d&rsquo;infusion, en plastique dur noir et poils de nylon robustes.<br \/>\nSa particularit\u00e9 : elle est dot\u00e9e d&rsquo;une petite cuill\u00e8re \u00e0 l&rsquo;extr\u00e9mit\u00e9 du manche.<br \/>\nSi vous avez trop de caf\u00e9 moulu dans le porte-filtre, vous pouvez facilement enlever le surplus.<\/p>\n","protected":false},"excerpt":{"rendered":"<p>Brosse de nettoyage simple et fonctionnelle pour les groupes d&rsquo;infusion, en plastique dur noir et poils de nylon robustes. Sa particularit\u00e9 : elle est dot\u00e9e d&rsquo;une petite cuill\u00e8re \u00e0 l&rsquo;extr\u00e9mit\u00e9 du manche. Si vous avez trop de caf\u00e9 moulu dans le porte-filtre, vous pouvez facilement enlever le surplus.<\/p>\n","protected":false},"featured_media":118309,"template":"","meta":{"_et_pb_use_builder":"","_et_pb_old_content":"","_et_gb_content_width":""},"product_brand":[],"product_cat":[41],"product_tag":[],"class_list":{"0":"post-118320","1":"product","2":"type-product","3":"status-publish","4":"has-post-thumbnail","6":"product_cat-accessoires-barista","8":"first","9":"instock","10":"taxable","11":"shipping-taxable","12":"purchasable","13":"product-type-simple"},"_links":{"self":[{"href":"https:\/\/egrosuisse.ch\/fr\/wp-json\/wp\/v2\/product\/118320","targetHints":{"allow":["GET"]}}],"collection":[{"href":"https:\/\/egrosuisse.ch\/fr\/wp-json\/wp\/v2\/product"}],"about":[{"href":"https:\/\/egrosuisse.ch\/fr\/wp-json\/wp\/v2\/types\/product"}],"wp:featuredmedia":[{"embeddable":true,"href":"https:\/\/egrosuisse.ch\/fr\/wp-json\/wp\/v2\/media\/118309"}],"wp:attachment":[{"href":"https:\/\/egrosuisse.ch\/fr\/wp-json\/wp\/v2\/media?parent=118320"}],"wp:term":[{"taxonomy":"product_brand","embeddable":true,"href":"https:\/\/egrosuisse.ch\/fr\/wp-json\/wp\/v2\/product_brand?post=118320"},{"taxonomy":"product_cat","embeddable":true,"href":"https:\/\/egrosuisse.ch\/fr\/wp-json\/wp\/v2\/product_cat?post=118320"},{"taxonomy":"product_tag","embeddable":true,"href":"https:\/\/egrosuisse.ch\/fr\/wp-json\/wp\/v2\/product_tag?post=118320"}],"curies":[{"name":"wp","href":"https:\/\/api.w.org\/{rel}","templated":true}]}}