{"id":118319,"date":"2024-08-31T14:26:10","date_gmt":"2024-08-31T12:26:10","guid":{"rendered":"https:\/\/egrosuisse.ch\/?post_type=product&#038;p=118319"},"modified":"2024-09-10T16:58:58","modified_gmt":"2024-09-10T14:58:58","slug":"brosse-pour-porte-filtre","status":"publish","type":"product","link":"https:\/\/egrosuisse.ch\/fr\/produkt\/brosse-pour-porte-filtre\/","title":{"rendered":"Brosse pour porte-filtre"},"content":{"rendered":"<p>Brosse pour porte-filtre \u00d8 12 mm x 120mm de long Brosse de nettoyage pour nettoyer l&rsquo;int\u00e9rieur et l&rsquo;ext\u00e9rieur du bec verseur.<br \/>\nOptimale pour ces espaces difficiles d&rsquo;acc\u00e8s.<\/p>\n","protected":false},"excerpt":{"rendered":"<p>Brosse pour porte-filtre \u00d8 12 mm x 120mm de long Brosse de nettoyage pour nettoyer l&rsquo;int\u00e9rieur et l&rsquo;ext\u00e9rieur du bec verseur. Optimale pour ces espaces difficiles d&rsquo;acc\u00e8s.<\/p>\n","protected":false},"featured_media":118312,"template":"","meta":{"_et_pb_use_builder":"","_et_pb_old_content":"","_et_gb_content_width":""},"product_brand":[],"product_cat":[41],"product_tag":[],"class_list":{"0":"post-118319","1":"product","2":"type-product","3":"status-publish","4":"has-post-thumbnail","6":"product_cat-accessoires-barista","8":"first","9":"instock","10":"taxable","11":"shipping-taxable","12":"purchasable","13":"product-type-simple"},"_links":{"self":[{"href":"https:\/\/egrosuisse.ch\/fr\/wp-json\/wp\/v2\/product\/118319","targetHints":{"allow":["GET"]}}],"collection":[{"href":"https:\/\/egrosuisse.ch\/fr\/wp-json\/wp\/v2\/product"}],"about":[{"href":"https:\/\/egrosuisse.ch\/fr\/wp-json\/wp\/v2\/types\/product"}],"wp:featuredmedia":[{"embeddable":true,"href":"https:\/\/egrosuisse.ch\/fr\/wp-json\/wp\/v2\/media\/118312"}],"wp:attachment":[{"href":"https:\/\/egrosuisse.ch\/fr\/wp-json\/wp\/v2\/media?parent=118319"}],"wp:term":[{"taxonomy":"product_brand","embeddable":true,"href":"https:\/\/egrosuisse.ch\/fr\/wp-json\/wp\/v2\/product_brand?post=118319"},{"taxonomy":"product_cat","embeddable":true,"href":"https:\/\/egrosuisse.ch\/fr\/wp-json\/wp\/v2\/product_cat?post=118319"},{"taxonomy":"product_tag","embeddable":true,"href":"https:\/\/egrosuisse.ch\/fr\/wp-json\/wp\/v2\/product_tag?post=118319"}],"curies":[{"name":"wp","href":"https:\/\/api.w.org\/{rel}","templated":true}]}}