{"id":118317,"date":"2024-08-31T14:26:09","date_gmt":"2024-08-31T12:26:09","guid":{"rendered":"https:\/\/egrosuisse.ch\/?post_type=product&#038;p=118317"},"modified":"2024-09-10T16:55:25","modified_gmt":"2024-09-10T14:55:25","slug":"base-flat-bf58","status":"publish","type":"product","link":"https:\/\/egrosuisse.ch\/fr\/produkt\/base-flat-bf58\/","title":{"rendered":"Base Flat bf58"},"content":{"rendered":"<p>La Base Flat bf58 a une surface plate pour presser le caf\u00e9 et il est en acier inoxydable massif.<br \/>\nPour utiliser la poign\u00e9e Elegance, la rondelle en caoutchouc doit \u00eatre enlev\u00e9e.<\/p>\n","protected":false},"excerpt":{"rendered":"<p>pour Tamper<\/p>\n","protected":false},"featured_media":118261,"template":"","meta":{"_et_pb_use_builder":"","_et_pb_old_content":"","_et_gb_content_width":""},"product_brand":[],"product_cat":[41],"product_tag":[],"class_list":{"0":"post-118317","1":"product","2":"type-product","3":"status-publish","4":"has-post-thumbnail","6":"product_cat-accessoires-barista","8":"first","9":"instock","10":"taxable","11":"shipping-taxable","12":"purchasable","13":"product-type-simple"},"_links":{"self":[{"href":"https:\/\/egrosuisse.ch\/fr\/wp-json\/wp\/v2\/product\/118317","targetHints":{"allow":["GET"]}}],"collection":[{"href":"https:\/\/egrosuisse.ch\/fr\/wp-json\/wp\/v2\/product"}],"about":[{"href":"https:\/\/egrosuisse.ch\/fr\/wp-json\/wp\/v2\/types\/product"}],"wp:featuredmedia":[{"embeddable":true,"href":"https:\/\/egrosuisse.ch\/fr\/wp-json\/wp\/v2\/media\/118261"}],"wp:attachment":[{"href":"https:\/\/egrosuisse.ch\/fr\/wp-json\/wp\/v2\/media?parent=118317"}],"wp:term":[{"taxonomy":"product_brand","embeddable":true,"href":"https:\/\/egrosuisse.ch\/fr\/wp-json\/wp\/v2\/product_brand?post=118317"},{"taxonomy":"product_cat","embeddable":true,"href":"https:\/\/egrosuisse.ch\/fr\/wp-json\/wp\/v2\/product_cat?post=118317"},{"taxonomy":"product_tag","embeddable":true,"href":"https:\/\/egrosuisse.ch\/fr\/wp-json\/wp\/v2\/product_tag?post=118317"}],"curies":[{"name":"wp","href":"https:\/\/api.w.org\/{rel}","templated":true}]}}