{"id":117452,"date":"2024-08-15T10:34:17","date_gmt":"2024-08-15T08:34:17","guid":{"rendered":"https:\/\/egrosuisse.ch\/produkt\/egro-tablettes-de-nettoyage-pour-machines-a-cafe-egro-69000408\/"},"modified":"2025-05-08T09:55:26","modified_gmt":"2025-05-08T07:55:26","slug":"egro-tablettes-de-nettoyage-pour-machines-a-cafe-egro-69000408","status":"publish","type":"product","link":"https:\/\/egrosuisse.ch\/fr\/produkt\/egro-tablettes-de-nettoyage-pour-machines-a-cafe-egro-69000408\/","title":{"rendered":"Egro Pastilles de nettoyage pour machines \u00e0 caf\u00e9 Egro"},"content":{"rendered":"<p>Bo\u00eete de 100 pi\u00e8ces 4 bo\u00eetes correspondent \u00e0 un besoin annuel par machine \u00e0 caf\u00e9 automatique Egro. <a href=\"https:\/\/egrosuisse.ch\/wp-content\/uploads\/2025\/05\/Cafiza-Espresso-Machine-Cleaning-Tablets_SUI_V2_30_09_22-2.pdf\">PDF Fiche de donn\u00e9es de s\u00e9curit\u00e9<\/a><\/p>\n","protected":false},"excerpt":{"rendered":"<p>Bo\u00eete de 100 pi\u00e8ces 4 bo\u00eetes correspondent \u00e0 un besoin annuel par machine \u00e0 caf\u00e9 automatique Egro. PDF Fiche de donn\u00e9es de s\u00e9curit\u00e9<\/p>\n","protected":false},"featured_media":119582,"template":"","meta":{"_et_pb_use_builder":"off","_et_pb_old_content":"Bo\u00eete de 100 pi\u00e8ces 4 bo\u00eetes correspondent \u00e0 un besoin annuel par machine \u00e0 caf\u00e9 automatique Egro.  <a href=\"https:\/\/egrosuisse.ch\/wp-content\/uploads\/2024\/08\/Cafiza-Espresso-Machine-Cleaning-Tablets_CH_V2_30_09_22.pdf\">PDF Fiche de donn\u00e9es de s\u00e9curit\u00e9<\/a>","_et_gb_content_width":""},"product_brand":[],"product_cat":[42],"product_tag":[],"class_list":{"0":"post-117452","1":"product","2":"type-product","3":"status-publish","4":"has-post-thumbnail","6":"product_cat-nettoyants-et-accessoires","8":"first","9":"instock","10":"featured","11":"taxable","12":"shipping-taxable","13":"purchasable","14":"product-type-variable","15":"has-default-attributes"},"_links":{"self":[{"href":"https:\/\/egrosuisse.ch\/fr\/wp-json\/wp\/v2\/product\/117452","targetHints":{"allow":["GET"]}}],"collection":[{"href":"https:\/\/egrosuisse.ch\/fr\/wp-json\/wp\/v2\/product"}],"about":[{"href":"https:\/\/egrosuisse.ch\/fr\/wp-json\/wp\/v2\/types\/product"}],"wp:featuredmedia":[{"embeddable":true,"href":"https:\/\/egrosuisse.ch\/fr\/wp-json\/wp\/v2\/media\/119582"}],"wp:attachment":[{"href":"https:\/\/egrosuisse.ch\/fr\/wp-json\/wp\/v2\/media?parent=117452"}],"wp:term":[{"taxonomy":"product_brand","embeddable":true,"href":"https:\/\/egrosuisse.ch\/fr\/wp-json\/wp\/v2\/product_brand?post=117452"},{"taxonomy":"product_cat","embeddable":true,"href":"https:\/\/egrosuisse.ch\/fr\/wp-json\/wp\/v2\/product_cat?post=117452"},{"taxonomy":"product_tag","embeddable":true,"href":"https:\/\/egrosuisse.ch\/fr\/wp-json\/wp\/v2\/product_tag?post=117452"}],"curies":[{"name":"wp","href":"https:\/\/api.w.org\/{rel}","templated":true}]}}