{"id":117653,"date":"2024-03-21T17:23:07","date_gmt":"2024-03-21T16:23:07","guid":{"rendered":"https:\/\/egrosuisse.ch\/mentions-legales\/"},"modified":"2024-09-16T14:06:36","modified_gmt":"2024-09-16T12:06:36","slug":"mentions-legales","status":"publish","type":"page","link":"https:\/\/egrosuisse.ch\/fr\/mentions-legales\/","title":{"rendered":"Mentions l\u00e9gales"},"content":{"rendered":"<p>[et_pb_section fb_built=\u00a0\u00bb1&Prime; admin_label=\u00a0\u00bbHeader &#038; Contact\u00a0\u00bb _builder_version=\u00a0\u00bb4.22.0&Prime; _module_preset=\u00a0\u00bbdefault\u00a0\u00bb collapsed=\u00a0\u00bbon\u00a0\u00bb global_colors_info=\u00a0\u00bb{}\u00a0\u00bb][et_pb_row _builder_version=\u00a0\u00bb4.22.0&Prime; _module_preset=\u00a0\u00bbdefault\u00a0\u00bb global_colors_info=\u00a0\u00bb{}\u00a0\u00bb][et_pb_column type=\u00a0\u00bb4_4&Prime; _builder_version=\u00a0\u00bb4.22.0&Prime; _module_preset=\u00a0\u00bbdefault\u00a0\u00bb global_colors_info=\u00a0\u00bb{}\u00a0\u00bb][et_pb_text _builder_version=\u00a0\u00bb4.27.0&Prime; _module_preset=\u00a0\u00bb66fe29ee-dab9-462e-b68d-36748f768bb5&Prime; header_font=\u00a0\u00bb|||on|||||\u00a0\u00bb header_font_size=\u00a0\u00bb60px\u00a0\u00bb header_2_font_size=\u00a0\u00bb50px\u00a0\u00bb text_orientation=\u00a0\u00bbcenter\u00a0\u00bb hover_enabled=\u00a0\u00bb0&Prime; header_2_font_size_tablet=\u00a0\u00bb32px\u00a0\u00bb header_2_font_size_phone=\u00a0\u00bb45px\u00a0\u00bb header_2_font_size_last_edited=\u00a0\u00bbon|phone\u00a0\u00bb global_colors_info=\u00a0\u00bb{}\u00a0\u00bb header_font_size_last_edited=\u00a0\u00bbon|phone\u00a0\u00bb sticky_enabled=\u00a0\u00bb0&Prime; header_font_size_phone=\u00a0\u00bb34px\u00a0\u00bb header_font_size_tablet=\u00a0\u00bb60px\u00a0\u00bb]<\/p>\n<h1 style=\"text-align: left;\">Mentions l\u00e9gales<\/h1>\n<p>[\/et_pb_text][\/et_pb_column][\/et_pb_row][et_pb_row _builder_version=\u00a0\u00bb4.22.0&Prime; _module_preset=\u00a0\u00bbdefault\u00a0\u00bb global_colors_info=\u00a0\u00bb{}\u00a0\u00bb][et_pb_column type=\u00a0\u00bb4_4&Prime; _builder_version=\u00a0\u00bb4.22.0&Prime; _module_preset=\u00a0\u00bbdefault\u00a0\u00bb global_colors_info=\u00a0\u00bb{}\u00a0\u00bb][et_pb_text _builder_version=\u00a0\u00bb4.27.0&Prime; _module_preset=\u00a0\u00bbb649351b-f5be-4850-8609-74ee00c574c1&Prime; text_font_size=\u00a0\u00bb24px\u00a0\u00bb text_line_height=\u00a0\u00bb1.5em\u00a0\u00bb header_2_font=\u00a0\u00bb|||on|||||\u00a0\u00bb header_2_font_size=\u00a0\u00bb50px\u00a0\u00bb header_3_font=\u00a0\u00bb|700|||||||\u00a0\u00bb header_3_text_color=\u00a0\u00bb#282727&Prime; hover_enabled=\u00a0\u00bb0&Prime; header_2_font_size_tablet=\u00a0\u00bb32px\u00a0\u00bb header_2_font_size_phone=\u00a0\u00bb28px\u00a0\u00bb header_2_font_size_last_edited=\u00a0\u00bbon|phone\u00a0\u00bb global_colors_info=\u00a0\u00bb{}\u00a0\u00bb sticky_enabled=\u00a0\u00bb0&Prime;]<\/p>\n<div class=\"impressum_box impressum_impressum\">\n<h2>Responsable du contenu des pages<\/h2>\n<p>EGRO SUISSE AG<br \/>Bahnhofstrasse 66<br \/>5605 Dottikon<br \/><a href=\"mailto:info-ch(at)ranciliogroup.com\">info-ch@ranciliogroup.com<\/a><\/p>\n<p>&nbsp;<\/p>\n<\/div>\n<div class=\"impressum_box impressum_webdesign\">\n<h2>Webdesign<\/h2>\n<p>Ce site web a \u00e9t\u00e9 cr\u00e9\u00e9 par <a href=\"https:\/\/onlinep.ch\/\" target=\"_blank\" rel=\"noopener\">OnlineP GmbH.<\/a><\/p>\n<p>&nbsp;<\/p>\n<\/div>\n<div class=\"impressum_box impressum_copyright\">\n<h2>Copyright<\/h2>\n<p>Le droit d&rsquo;auteur sur l&rsquo;ensemble des contenus de ce site est la propri\u00e9t\u00e9 de EGRO SUISSE AG.<\/p>\n<p>&nbsp;<\/p>\n<\/div>\n<div class=\"impressum_box impressum_disclaimer\">\n<h2>D\u00e9gagement de responsabilit\u00e9<\/h2>\n<p>Tous les textes et liens ont \u00e9t\u00e9 v\u00e9rifi\u00e9s avec soin et sont r\u00e9guli\u00e8rement mis \u00e0 jour. Nous nous effor\u00e7ons de publier sur ce site des informations exactes et compl\u00e8tes. Cependant nous d\u00e9clinons toute responsabilit\u00e9 et n&rsquo;offrons aucune garantie quant \u00e0 l&rsquo;exactitude, l&rsquo;exhaustivit\u00e9 ou le caract\u00e8re actuel de ces informations, cette r\u00e9serve s&rsquo;appliquant \u00e9galement aux inscriptions dans la base de donn\u00e9es. Nous nous r\u00e9servons le droit de modifier \u00e0 tout moment, et sans pr\u00e9avis, le contenu du site web et ne nous engageons pas \u00e0 actualiser les informations y figurant. L&rsquo;exactitude de tous les liens externes a \u00e9t\u00e9 v\u00e9rifi\u00e9e au moment de leur saisie. Cependant nous d\u00e9clinons toute responsabilit\u00e9 quant aux contenus et \u00e0 la disponibilit\u00e9 de ces sites, accessibles par liens hypertextes. En cas de contenus ill\u00e9gaux, erron\u00e9s ou incomplets, et notamment en cas de dommages r\u00e9sultant de l&rsquo;utilisation non v\u00e9rifi\u00e9e de contenus pr\u00e9sents sur des pages li\u00e9es, seul le fournisseur de ces pages peut \u00eatre tenu pour responsable. Ceci s&rsquo;applique quelle que soit la nature du dommage (directe, indirecte ou financi\u00e8re) ou pour tout autre dommage pouvant survenir suite \u00e0 une perte de donn\u00e9es, une perte d&rsquo;usage, ou \u00e0 d&rsquo;autres raisons.<\/p>\n<\/div>\n<p>[\/et_pb_text][\/et_pb_column][\/et_pb_row][\/et_pb_section]<\/p>\n","protected":false},"excerpt":{"rendered":"<p>Mentions l\u00e9gales Responsable du contenu des pages EGRO SUISSE AGBahnhofstrasse 665605 Dottikoninfo-ch@ranciliogroup.com &nbsp; Webdesign Ce site web a \u00e9t\u00e9 cr\u00e9\u00e9 par OnlineP GmbH. &nbsp; Copyright Le droit d&rsquo;auteur sur l&rsquo;ensemble des contenus de ce site est la propri\u00e9t\u00e9 de EGRO SUISSE AG. &nbsp; D\u00e9gagement de responsabilit\u00e9 Tous les textes et liens ont \u00e9t\u00e9 v\u00e9rifi\u00e9s avec [&hellip;]<\/p>\n","protected":false},"author":3,"featured_media":0,"parent":0,"menu_order":0,"comment_status":"closed","ping_status":"closed","template":"","meta":{"_et_pb_use_builder":"on","_et_pb_old_content":"","_et_gb_content_width":"","footnotes":""},"class_list":["post-117653","page","type-page","status-publish","hentry"],"_links":{"self":[{"href":"https:\/\/egrosuisse.ch\/fr\/wp-json\/wp\/v2\/pages\/117653","targetHints":{"allow":["GET"]}}],"collection":[{"href":"https:\/\/egrosuisse.ch\/fr\/wp-json\/wp\/v2\/pages"}],"about":[{"href":"https:\/\/egrosuisse.ch\/fr\/wp-json\/wp\/v2\/types\/page"}],"author":[{"embeddable":true,"href":"https:\/\/egrosuisse.ch\/fr\/wp-json\/wp\/v2\/users\/3"}],"replies":[{"embeddable":true,"href":"https:\/\/egrosuisse.ch\/fr\/wp-json\/wp\/v2\/comments?post=117653"}],"version-history":[{"count":0,"href":"https:\/\/egrosuisse.ch\/fr\/wp-json\/wp\/v2\/pages\/117653\/revisions"}],"wp:attachment":[{"href":"https:\/\/egrosuisse.ch\/fr\/wp-json\/wp\/v2\/media?parent=117653"}],"curies":[{"name":"wp","href":"https:\/\/api.w.org\/{rel}","templated":true}]}}